{"id":5092,"date":"2022-09-07T11:30:09","date_gmt":"2022-09-07T11:30:09","guid":{"rendered":"https:\/\/vbtbank.com\/notificaciones\/"},"modified":"2026-03-12T14:59:15","modified_gmt":"2026-03-12T14:59:15","slug":"notificaciones","status":"publish","type":"page","link":"https:\/\/vbtbank.com\/es\/notificaciones\/","title":{"rendered":"Notificaciones"},"content":{"rendered":"\t\t<div data-elementor-type=\"wp-page\" data-elementor-id=\"5092\" class=\"elementor elementor-5092 elementor-3813\" data-elementor-post-type=\"page\">\n\t\t\t\t<div class=\"elementor-element elementor-element-f7ed007 e-con-full e-flex e-con e-parent\" data-id=\"f7ed007\" data-element_type=\"container\" data-e-type=\"container\">\n\t\t<div class=\"elementor-element elementor-element-eb1ae4d e-con-full e-flex e-con e-child\" data-id=\"eb1ae4d\" data-element_type=\"container\" data-e-type=\"container\">\n\t\t\t\t<div class=\"elementor-element elementor-element-f1d2b93 elementor-invisible elementor-widget elementor-widget-heading\" data-id=\"f1d2b93\" data-element_type=\"widget\" data-e-type=\"widget\" data-settings=\"{&quot;_animation&quot;:&quot;fadeInUp&quot;,&quot;_animation_delay&quot;:800}\" data-widget_type=\"heading.default\">\n\t\t\t\t<div class=\"elementor-widget-container\">\n\t\t\t\t\t<h2 class=\"elementor-heading-title elementor-size-default\">Informaci\u00f3n financiera<\/h2>\t\t\t\t<\/div>\n\t\t\t\t<\/div>\n\t\t\t\t<div class=\"elementor-element elementor-element-6e3bb8c elementor-widget elementor-widget-text-editor\" data-id=\"6e3bb8c\" data-element_type=\"widget\" data-e-type=\"widget\" data-widget_type=\"text-editor.default\">\n\t\t\t\t<div class=\"elementor-widget-container\">\n\t\t\t\t\t\t\t\t\t<a href=\"https:\/\/vbtbank.com\/wp-content\/uploads\/2024\/03\/Market-Discipline-2023.pdf\" target=\"_blank\" rel=\"noopener\">Basilea II (Pilar 3)- Requisitos de Divulgaci\u00f3n de Disciplina de Mercado.<\/a>\t\t\t\t\t\t\t\t<\/div>\n\t\t\t\t<\/div>\n\t\t\t\t<\/div>\n\t\t<div class=\"elementor-element elementor-element-3b00241 e-con-full e-flex e-con e-child\" data-id=\"3b00241\" data-element_type=\"container\" data-e-type=\"container\">\n\t\t\t\t<div class=\"elementor-element elementor-element-f87970d elementor-invisible elementor-widget elementor-widget-heading\" data-id=\"f87970d\" data-element_type=\"widget\" data-e-type=\"widget\" data-settings=\"{&quot;_animation&quot;:&quot;fadeInUp&quot;,&quot;_animation_delay&quot;:800}\" data-widget_type=\"heading.default\">\n\t\t\t\t<div class=\"elementor-widget-container\">\n\t\t\t\t\t<h2 class=\"elementor-heading-title elementor-size-default\">El C\u00f3digo de conducta<\/h2>\t\t\t\t<\/div>\n\t\t\t\t<\/div>\n\t\t\t\t<div class=\"elementor-element elementor-element-4076730 elementor-widget elementor-widget-text-editor\" data-id=\"4076730\" data-element_type=\"widget\" data-e-type=\"widget\" data-widget_type=\"text-editor.default\">\n\t\t\t\t<div class=\"elementor-widget-container\">\n\t\t\t\t\t\t\t\t\t<a href=\"https:\/\/vbtbank.com\/wp-content\/uploads\/2024\/03\/Code-of-Ethics.pdf\" target=\"_blank\" rel=\"noopener\">C\u00f3digo \u00c9tico_VBT<\/a>\t\t\t\t\t\t\t\t<\/div>\n\t\t\t\t<\/div>\n\t\t\t\t<\/div>\n\t\t<div class=\"elementor-element elementor-element-321e186 e-con-full e-flex e-con e-child\" data-id=\"321e186\" data-element_type=\"container\" data-e-type=\"container\">\n\t\t\t\t<div class=\"elementor-element elementor-element-8cacbdb elementor-invisible elementor-widget elementor-widget-heading\" data-id=\"8cacbdb\" data-element_type=\"widget\" data-e-type=\"widget\" data-settings=\"{&quot;_animation&quot;:&quot;fadeInUp&quot;,&quot;_animation_delay&quot;:800}\" data-widget_type=\"heading.default\">\n\t\t\t\t<div class=\"elementor-widget-container\">\n\t\t\t\t\t<h2 class=\"elementor-heading-title elementor-size-default\">D\u00edas festivos<\/h2>\t\t\t\t<\/div>\n\t\t\t\t<\/div>\n\t\t\t\t<div class=\"elementor-element elementor-element-611031b elementor-widget elementor-widget-text-editor\" data-id=\"611031b\" data-element_type=\"widget\" data-e-type=\"widget\" data-widget_type=\"text-editor.default\">\n\t\t\t\t<div class=\"elementor-widget-container\">\n\t\t\t\t\t\t\t\t\t<p><a href=\"https:\/\/vbtbank.com\/wp-content\/uploads\/2026\/03\/Holidays-CALENDAR-2026.pdf\" target=\"_blank\" rel=\"noopener\">Vacaciones_2025_VBT<\/a><\/p><p><a href=\"https:\/\/vbtbank.com\/wp-content\/uploads\/2026\/03\/2026_Holidays.pdf\" target=\"_blank\" rel=\"noopener\">Vacaciones_2026_VBT<\/a><\/p>\t\t\t\t\t\t\t\t<\/div>\n\t\t\t\t<\/div>\n\t\t\t\t<\/div>\n\t\t<div class=\"elementor-element elementor-element-c92bf81 e-con-full e-flex e-con e-child\" data-id=\"c92bf81\" data-element_type=\"container\" data-e-type=\"container\">\n\t\t\t\t<div class=\"elementor-element elementor-element-04f55dd elementor-invisible elementor-widget elementor-widget-heading\" data-id=\"04f55dd\" data-element_type=\"widget\" data-e-type=\"widget\" data-settings=\"{&quot;_animation&quot;:&quot;fadeInUp&quot;,&quot;_animation_delay&quot;:800}\" data-widget_type=\"heading.default\">\n\t\t\t\t<div class=\"elementor-widget-container\">\n\t\t\t\t\t<h2 class=\"elementor-heading-title elementor-size-default\"><span style=\"color: var( --e-global-color-ece4938 )\">Noticias de inter\u00e9s<\/span><\/h2>\t\t\t\t<\/div>\n\t\t\t\t<\/div>\n\t\t\t\t<div class=\"elementor-element elementor-element-7f9f416 elementor-widget elementor-widget-text-editor\" data-id=\"7f9f416\" data-element_type=\"widget\" data-e-type=\"widget\" data-widget_type=\"text-editor.default\">\n\t\t\t\t<div class=\"elementor-widget-container\">\n\t\t\t\t\t\t\t\t\t<a href=\"https:\/\/vbtbank.com\/wp-content\/uploads\/2023\/10\/Cayman-Islands-Off-the-FATF-List.pdf\" target=\"_blank\" rel=\"noopener\">Grit_and_Commitment_Gets_the_Cayman_Islands_Off_the_FATF_List<\/a>\t\t\t\t\t\t\t\t<\/div>\n\t\t\t\t<\/div>\n\t\t\t\t<\/div>\n\t\t\t\t<\/div>\n\t\t<div class=\"elementor-element elementor-element-76849ee elementor-hidden-desktop elementor-hidden-tablet elementor-hidden-mobile e-flex e-con-boxed e-con e-parent\" data-id=\"76849ee\" data-element_type=\"container\" data-e-type=\"container\">\n\t\t\t\t\t<div class=\"e-con-inner\">\n\t\t\t\t\t<\/div>\n\t\t\t\t<\/div>\n\t\t\t\t<\/div>\n\t\t","protected":false},"excerpt":{"rendered":"<p>Informaci\u00f3n financiera Basilea II (Pilar 3)- Requisitos de Divulgaci\u00f3n de Disciplina de Mercado. El C\u00f3digo de conducta C\u00f3digo \u00c9tico_VBT D\u00edas festivos Vacaciones_2025_VBT Vacaciones_2026_VBT Noticias de inter\u00e9s Grit_and_Commitment_Gets_the_Cayman_Islands_Off_the_FATF_List<\/p>\n","protected":false},"author":2,"featured_media":4872,"parent":0,"menu_order":0,"comment_status":"closed","ping_status":"closed","template":"","meta":{"_monsterinsights_skip_tracking":false,"_monsterinsights_sitenote_active":false,"_monsterinsights_sitenote_note":"","_monsterinsights_sitenote_category":0,"footnotes":""},"class_list":["post-5092","page","type-page","status-publish","has-post-thumbnail"],"yoast_head":"<!-- This site is optimized with the Yoast SEO plugin v27.4 - https:\/\/yoast.com\/product\/yoast-seo-wordpress\/ -->\n<title>Notificaciones - VBT Bank &amp; Trust, Ltd.<\/title>\n<meta name=\"robots\" content=\"index, follow, max-snippet:-1, max-image-preview:large, max-video-preview:-1\" \/>\n<link rel=\"canonical\" href=\"https:\/\/vbtbank.com\/es\/notificaciones\/\" \/>\n<meta property=\"og:locale\" content=\"es_ES\" \/>\n<meta property=\"og:type\" content=\"article\" \/>\n<meta property=\"og:title\" content=\"Notificaciones - VBT Bank &amp; Trust, Ltd.\" \/>\n<meta property=\"og:description\" content=\"Informaci\u00f3n financiera Basilea II (Pilar 3)- Requisitos de Divulgaci\u00f3n de Disciplina de Mercado. El C\u00f3digo de conducta C\u00f3digo \u00c9tico_VBT D\u00edas festivos Vacaciones_2025_VBT Vacaciones_2026_VBT Noticias de inter\u00e9s Grit_and_Commitment_Gets_the_Cayman_Islands_Off_the_FATF_List\" \/>\n<meta property=\"og:url\" content=\"https:\/\/vbtbank.com\/es\/notificaciones\/\" \/>\n<meta property=\"og:site_name\" content=\"VBT Bank &amp; Trust, Ltd.\" \/>\n<meta property=\"article:modified_time\" content=\"2026-03-12T14:59:15+00:00\" \/>\n<meta property=\"og:image\" content=\"https:\/\/vbtbank.com\/wp-content\/uploads\/2022\/01\/empresas.png\" \/>\n\t<meta property=\"og:image:width\" content=\"1500\" \/>\n\t<meta property=\"og:image:height\" content=\"300\" \/>\n\t<meta property=\"og:image:type\" content=\"image\/png\" \/>\n<meta name=\"twitter:card\" content=\"summary_large_image\" \/>\n<script type=\"application\/ld+json\" class=\"yoast-schema-graph\">{\"@context\":\"https:\\\/\\\/schema.org\",\"@graph\":[{\"@type\":\"WebPage\",\"@id\":\"https:\\\/\\\/vbtbank.com\\\/es\\\/notificaciones\\\/\",\"url\":\"https:\\\/\\\/vbtbank.com\\\/es\\\/notificaciones\\\/\",\"name\":\"Notificaciones - VBT Bank &amp; Trust, Ltd.\",\"isPartOf\":{\"@id\":\"https:\\\/\\\/vbtbank.com\\\/es\\\/#website\"},\"primaryImageOfPage\":{\"@id\":\"https:\\\/\\\/vbtbank.com\\\/es\\\/notificaciones\\\/#primaryimage\"},\"image\":{\"@id\":\"https:\\\/\\\/vbtbank.com\\\/es\\\/notificaciones\\\/#primaryimage\"},\"thumbnailUrl\":\"https:\\\/\\\/vbtbank.com\\\/wp-content\\\/uploads\\\/2022\\\/01\\\/empresas.png\",\"datePublished\":\"2022-09-07T11:30:09+00:00\",\"dateModified\":\"2026-03-12T14:59:15+00:00\",\"breadcrumb\":{\"@id\":\"https:\\\/\\\/vbtbank.com\\\/es\\\/notificaciones\\\/#breadcrumb\"},\"inLanguage\":\"es\",\"potentialAction\":[{\"@type\":\"ReadAction\",\"target\":[\"https:\\\/\\\/vbtbank.com\\\/es\\\/notificaciones\\\/\"]}]},{\"@type\":\"ImageObject\",\"inLanguage\":\"es\",\"@id\":\"https:\\\/\\\/vbtbank.com\\\/es\\\/notificaciones\\\/#primaryimage\",\"url\":\"https:\\\/\\\/vbtbank.com\\\/wp-content\\\/uploads\\\/2022\\\/01\\\/empresas.png\",\"contentUrl\":\"https:\\\/\\\/vbtbank.com\\\/wp-content\\\/uploads\\\/2022\\\/01\\\/empresas.png\",\"width\":1500,\"height\":300,\"caption\":\"Notifications - VBT Bank\"},{\"@type\":\"BreadcrumbList\",\"@id\":\"https:\\\/\\\/vbtbank.com\\\/es\\\/notificaciones\\\/#breadcrumb\",\"itemListElement\":[{\"@type\":\"ListItem\",\"position\":1,\"name\":\"Home\",\"item\":\"https:\\\/\\\/vbtbank.com\\\/es\\\/\"},{\"@type\":\"ListItem\",\"position\":2,\"name\":\"Notificaciones\"}]},{\"@type\":\"WebSite\",\"@id\":\"https:\\\/\\\/vbtbank.com\\\/es\\\/#website\",\"url\":\"https:\\\/\\\/vbtbank.com\\\/es\\\/\",\"name\":\"VBT Bank & Trust, Ltd.\",\"description\":\"Financial Solutions that transcend generations - Trust matters.\",\"publisher\":{\"@id\":\"https:\\\/\\\/vbtbank.com\\\/es\\\/#organization\"},\"potentialAction\":[{\"@type\":\"SearchAction\",\"target\":{\"@type\":\"EntryPoint\",\"urlTemplate\":\"https:\\\/\\\/vbtbank.com\\\/es\\\/?s={search_term_string}\"},\"query-input\":{\"@type\":\"PropertyValueSpecification\",\"valueRequired\":true,\"valueName\":\"search_term_string\"}}],\"inLanguage\":\"es\"},{\"@type\":\"Organization\",\"@id\":\"https:\\\/\\\/vbtbank.com\\\/es\\\/#organization\",\"name\":\"VBT Bank & Trust, Ltd.\",\"url\":\"https:\\\/\\\/vbtbank.com\\\/es\\\/\",\"logo\":{\"@type\":\"ImageObject\",\"inLanguage\":\"es\",\"@id\":\"https:\\\/\\\/vbtbank.com\\\/es\\\/#\\\/schema\\\/logo\\\/image\\\/\",\"url\":\"https:\\\/\\\/vbtbank.com\\\/wp-content\\\/uploads\\\/2021\\\/11\\\/logo-vbt-small.webp\",\"contentUrl\":\"https:\\\/\\\/vbtbank.com\\\/wp-content\\\/uploads\\\/2021\\\/11\\\/logo-vbt-small.webp\",\"width\":519,\"height\":142,\"caption\":\"VBT Bank & Trust, Ltd.\"},\"image\":{\"@id\":\"https:\\\/\\\/vbtbank.com\\\/es\\\/#\\\/schema\\\/logo\\\/image\\\/\"}}]}<\/script>\n<!-- \/ Yoast SEO plugin. -->","yoast_head_json":{"title":"Notificaciones - VBT Bank &amp; Trust, Ltd.","robots":{"index":"index","follow":"follow","max-snippet":"max-snippet:-1","max-image-preview":"max-image-preview:large","max-video-preview":"max-video-preview:-1"},"canonical":"https:\/\/vbtbank.com\/es\/notificaciones\/","og_locale":"es_ES","og_type":"article","og_title":"Notificaciones - VBT Bank &amp; Trust, Ltd.","og_description":"Informaci\u00f3n financiera Basilea II (Pilar 3)- Requisitos de Divulgaci\u00f3n de Disciplina de Mercado. El C\u00f3digo de conducta C\u00f3digo \u00c9tico_VBT D\u00edas festivos Vacaciones_2025_VBT Vacaciones_2026_VBT Noticias de inter\u00e9s Grit_and_Commitment_Gets_the_Cayman_Islands_Off_the_FATF_List","og_url":"https:\/\/vbtbank.com\/es\/notificaciones\/","og_site_name":"VBT Bank &amp; Trust, Ltd.","article_modified_time":"2026-03-12T14:59:15+00:00","og_image":[{"width":1500,"height":300,"url":"https:\/\/vbtbank.com\/wp-content\/uploads\/2022\/01\/empresas.png","type":"image\/png"}],"twitter_card":"summary_large_image","schema":{"@context":"https:\/\/schema.org","@graph":[{"@type":"WebPage","@id":"https:\/\/vbtbank.com\/es\/notificaciones\/","url":"https:\/\/vbtbank.com\/es\/notificaciones\/","name":"Notificaciones - VBT Bank &amp; Trust, Ltd.","isPartOf":{"@id":"https:\/\/vbtbank.com\/es\/#website"},"primaryImageOfPage":{"@id":"https:\/\/vbtbank.com\/es\/notificaciones\/#primaryimage"},"image":{"@id":"https:\/\/vbtbank.com\/es\/notificaciones\/#primaryimage"},"thumbnailUrl":"https:\/\/vbtbank.com\/wp-content\/uploads\/2022\/01\/empresas.png","datePublished":"2022-09-07T11:30:09+00:00","dateModified":"2026-03-12T14:59:15+00:00","breadcrumb":{"@id":"https:\/\/vbtbank.com\/es\/notificaciones\/#breadcrumb"},"inLanguage":"es","potentialAction":[{"@type":"ReadAction","target":["https:\/\/vbtbank.com\/es\/notificaciones\/"]}]},{"@type":"ImageObject","inLanguage":"es","@id":"https:\/\/vbtbank.com\/es\/notificaciones\/#primaryimage","url":"https:\/\/vbtbank.com\/wp-content\/uploads\/2022\/01\/empresas.png","contentUrl":"https:\/\/vbtbank.com\/wp-content\/uploads\/2022\/01\/empresas.png","width":1500,"height":300,"caption":"Notifications - VBT Bank"},{"@type":"BreadcrumbList","@id":"https:\/\/vbtbank.com\/es\/notificaciones\/#breadcrumb","itemListElement":[{"@type":"ListItem","position":1,"name":"Home","item":"https:\/\/vbtbank.com\/es\/"},{"@type":"ListItem","position":2,"name":"Notificaciones"}]},{"@type":"WebSite","@id":"https:\/\/vbtbank.com\/es\/#website","url":"https:\/\/vbtbank.com\/es\/","name":"VBT Bank & Trust, Ltd.","description":"Financial Solutions that transcend generations - Trust matters.","publisher":{"@id":"https:\/\/vbtbank.com\/es\/#organization"},"potentialAction":[{"@type":"SearchAction","target":{"@type":"EntryPoint","urlTemplate":"https:\/\/vbtbank.com\/es\/?s={search_term_string}"},"query-input":{"@type":"PropertyValueSpecification","valueRequired":true,"valueName":"search_term_string"}}],"inLanguage":"es"},{"@type":"Organization","@id":"https:\/\/vbtbank.com\/es\/#organization","name":"VBT Bank & Trust, Ltd.","url":"https:\/\/vbtbank.com\/es\/","logo":{"@type":"ImageObject","inLanguage":"es","@id":"https:\/\/vbtbank.com\/es\/#\/schema\/logo\/image\/","url":"https:\/\/vbtbank.com\/wp-content\/uploads\/2021\/11\/logo-vbt-small.webp","contentUrl":"https:\/\/vbtbank.com\/wp-content\/uploads\/2021\/11\/logo-vbt-small.webp","width":519,"height":142,"caption":"VBT Bank & Trust, Ltd."},"image":{"@id":"https:\/\/vbtbank.com\/es\/#\/schema\/logo\/image\/"}}]}},"_links":{"self":[{"href":"https:\/\/vbtbank.com\/es\/wp-json\/wp\/v2\/pages\/5092","targetHints":{"allow":["GET"]}}],"collection":[{"href":"https:\/\/vbtbank.com\/es\/wp-json\/wp\/v2\/pages"}],"about":[{"href":"https:\/\/vbtbank.com\/es\/wp-json\/wp\/v2\/types\/page"}],"author":[{"embeddable":true,"href":"https:\/\/vbtbank.com\/es\/wp-json\/wp\/v2\/users\/2"}],"replies":[{"embeddable":true,"href":"https:\/\/vbtbank.com\/es\/wp-json\/wp\/v2\/comments?post=5092"}],"version-history":[{"count":9,"href":"https:\/\/vbtbank.com\/es\/wp-json\/wp\/v2\/pages\/5092\/revisions"}],"predecessor-version":[{"id":6358,"href":"https:\/\/vbtbank.com\/es\/wp-json\/wp\/v2\/pages\/5092\/revisions\/6358"}],"wp:featuredmedia":[{"embeddable":true,"href":"https:\/\/vbtbank.com\/es\/wp-json\/wp\/v2\/media\/4872"}],"wp:attachment":[{"href":"https:\/\/vbtbank.com\/es\/wp-json\/wp\/v2\/media?parent=5092"}],"curies":[{"name":"wp","href":"https:\/\/api.w.org\/{rel}","templated":true}]}}